{"id":408,"date":"2026-02-10T15:05:13","date_gmt":"2026-02-10T15:05:13","guid":{"rendered":"https:\/\/messinaline.it\/flotta\/"},"modified":"2026-04-13T09:15:03","modified_gmt":"2026-04-13T09:15:03","slug":"flotta","status":"publish","type":"page","link":"https:\/\/messinaline.it\/it\/flotta\/","title":{"rendered":"Flotta"},"content":{"rendered":"\n<p class=\"has-medium-font-size\">La flotta Messina Line \u00e8 progettata per la massima versatilit\u00e0. Composta da navi Full Container (tra cui 3 coppie di gemelle) e unit\u00e0 Ro-Ro, disponiamo di una capacit\u00e0 di carico fino a 6.300 TEU per nave.<\/p>\n\n<p>Grazie a investimenti in attrezzature di propriet\u00e0 &#8211; mafi trailers, container open top e piattaforme speciali &#8211; gestiamo in sicurezza qualsiasi tipologia di Project Cargo. <\/p>\n","protected":false},"excerpt":{"rendered":"<p>La flotta Messina Line \u00e8 progettata per la massima versatilit\u00e0. Composta da navi Full Container (tra cui 3 coppie di gemelle) e unit\u00e0 Ro-Ro, disponiamo di una capacit\u00e0 di carico fino a 6.300 TEU per nave. Grazie a investimenti in attrezzature di propriet\u00e0 &#8211; mafi trailers, container open top e piattaforme speciali &#8211; gestiamo in [&hellip;]<\/p>\n","protected":false},"author":1,"featured_media":0,"parent":0,"menu_order":0,"comment_status":"closed","ping_status":"closed","template":"","meta":{"_acf_changed":false,"inline_featured_image":false,"footnotes":""},"class_list":["post-408","page","type-page","status-publish","hentry"],"acf":[],"yoast_head":"<!-- This site is optimized with the Yoast SEO plugin v27.2 - https:\/\/yoast.com\/product\/yoast-seo-wordpress\/ -->\n<title>Flotta - MessinaLine<\/title>\n<meta name=\"robots\" content=\"index, follow, max-snippet:-1, max-image-preview:large, max-video-preview:-1\" \/>\n<link rel=\"canonical\" href=\"https:\/\/messinaline.it\/it\/flotta\/\" \/>\n<meta property=\"og:locale\" content=\"it_IT\" \/>\n<meta property=\"og:type\" content=\"article\" \/>\n<meta property=\"og:title\" content=\"Flotta - MessinaLine\" \/>\n<meta property=\"og:description\" content=\"La flotta Messina Line \u00e8 progettata per la massima versatilit\u00e0. Composta da navi Full Container (tra cui 3 coppie di gemelle) e unit\u00e0 Ro-Ro, disponiamo di una capacit\u00e0 di carico fino a 6.300 TEU per nave. Grazie a investimenti in attrezzature di propriet\u00e0 &#8211; mafi trailers, container open top e piattaforme speciali &#8211; gestiamo in [&hellip;]\" \/>\n<meta property=\"og:url\" content=\"https:\/\/messinaline.it\/it\/flotta\/\" \/>\n<meta property=\"og:site_name\" content=\"MessinaLine\" \/>\n<meta property=\"article:modified_time\" content=\"2026-04-13T09:15:03+00:00\" \/>\n<meta name=\"twitter:card\" content=\"summary_large_image\" \/>\n<script type=\"application\/ld+json\" class=\"yoast-schema-graph\">{\"@context\":\"https:\/\/schema.org\",\"@graph\":[{\"@type\":\"WebPage\",\"@id\":\"https:\/\/messinaline.it\/it\/flotta\/\",\"url\":\"https:\/\/messinaline.it\/it\/flotta\/\",\"name\":\"Flotta - MessinaLine\",\"isPartOf\":{\"@id\":\"https:\/\/messinaline.it\/#website\"},\"datePublished\":\"2026-02-10T15:05:13+00:00\",\"dateModified\":\"2026-04-13T09:15:03+00:00\",\"breadcrumb\":{\"@id\":\"https:\/\/messinaline.it\/it\/flotta\/#breadcrumb\"},\"inLanguage\":\"it-IT\",\"potentialAction\":[{\"@type\":\"ReadAction\",\"target\":[\"https:\/\/messinaline.it\/it\/flotta\/\"]}]},{\"@type\":\"BreadcrumbList\",\"@id\":\"https:\/\/messinaline.it\/it\/flotta\/#breadcrumb\",\"itemListElement\":[{\"@type\":\"ListItem\",\"position\":1,\"name\":\"Home\",\"item\":\"https:\/\/messinaline.it\/\"},{\"@type\":\"ListItem\",\"position\":2,\"name\":\"Flotta\"}]},{\"@type\":\"WebSite\",\"@id\":\"https:\/\/messinaline.it\/#website\",\"url\":\"https:\/\/messinaline.it\/\",\"name\":\"MessinaLine\",\"description\":\"Full steam ahead, since 1921.\",\"publisher\":{\"@id\":\"https:\/\/messinaline.it\/#organization\"},\"potentialAction\":[{\"@type\":\"SearchAction\",\"target\":{\"@type\":\"EntryPoint\",\"urlTemplate\":\"https:\/\/messinaline.it\/?s={search_term_string}\"},\"query-input\":{\"@type\":\"PropertyValueSpecification\",\"valueRequired\":true,\"valueName\":\"search_term_string\"}}],\"inLanguage\":\"it-IT\"},{\"@type\":\"Organization\",\"@id\":\"https:\/\/messinaline.it\/#organization\",\"name\":\"MessinaLine\",\"url\":\"https:\/\/messinaline.it\/\",\"logo\":{\"@type\":\"ImageObject\",\"inLanguage\":\"it-IT\",\"@id\":\"https:\/\/messinaline.it\/#\/schema\/logo\/image\/\",\"url\":\"\/wp-content\/uploads\/sites\/6\/2025\/12\/messina-line.svg\",\"contentUrl\":\"\/wp-content\/uploads\/sites\/6\/2025\/12\/messina-line.svg\",\"width\":221,\"height\":46,\"caption\":\"MessinaLine\"},\"image\":{\"@id\":\"https:\/\/messinaline.it\/#\/schema\/logo\/image\/\"}}]}<\/script>\n<!-- \/ Yoast SEO plugin. -->","yoast_head_json":{"title":"Flotta - MessinaLine","robots":{"index":"index","follow":"follow","max-snippet":"max-snippet:-1","max-image-preview":"max-image-preview:large","max-video-preview":"max-video-preview:-1"},"canonical":"https:\/\/messinaline.it\/it\/flotta\/","og_locale":"it_IT","og_type":"article","og_title":"Flotta - MessinaLine","og_description":"La flotta Messina Line \u00e8 progettata per la massima versatilit\u00e0. Composta da navi Full Container (tra cui 3 coppie di gemelle) e unit\u00e0 Ro-Ro, disponiamo di una capacit\u00e0 di carico fino a 6.300 TEU per nave. Grazie a investimenti in attrezzature di propriet\u00e0 &#8211; mafi trailers, container open top e piattaforme speciali &#8211; gestiamo in [&hellip;]","og_url":"https:\/\/messinaline.it\/it\/flotta\/","og_site_name":"MessinaLine","article_modified_time":"2026-04-13T09:15:03+00:00","twitter_card":"summary_large_image","schema":{"@context":"https:\/\/schema.org","@graph":[{"@type":"WebPage","@id":"https:\/\/messinaline.it\/it\/flotta\/","url":"https:\/\/messinaline.it\/it\/flotta\/","name":"Flotta - MessinaLine","isPartOf":{"@id":"https:\/\/messinaline.it\/#website"},"datePublished":"2026-02-10T15:05:13+00:00","dateModified":"2026-04-13T09:15:03+00:00","breadcrumb":{"@id":"https:\/\/messinaline.it\/it\/flotta\/#breadcrumb"},"inLanguage":"it-IT","potentialAction":[{"@type":"ReadAction","target":["https:\/\/messinaline.it\/it\/flotta\/"]}]},{"@type":"BreadcrumbList","@id":"https:\/\/messinaline.it\/it\/flotta\/#breadcrumb","itemListElement":[{"@type":"ListItem","position":1,"name":"Home","item":"https:\/\/messinaline.it\/"},{"@type":"ListItem","position":2,"name":"Flotta"}]},{"@type":"WebSite","@id":"https:\/\/messinaline.it\/#website","url":"https:\/\/messinaline.it\/","name":"MessinaLine","description":"Full steam ahead, since 1921.","publisher":{"@id":"https:\/\/messinaline.it\/#organization"},"potentialAction":[{"@type":"SearchAction","target":{"@type":"EntryPoint","urlTemplate":"https:\/\/messinaline.it\/?s={search_term_string}"},"query-input":{"@type":"PropertyValueSpecification","valueRequired":true,"valueName":"search_term_string"}}],"inLanguage":"it-IT"},{"@type":"Organization","@id":"https:\/\/messinaline.it\/#organization","name":"MessinaLine","url":"https:\/\/messinaline.it\/","logo":{"@type":"ImageObject","inLanguage":"it-IT","@id":"https:\/\/messinaline.it\/#\/schema\/logo\/image\/","url":"\/wp-content\/uploads\/sites\/6\/2025\/12\/messina-line.svg","contentUrl":"\/wp-content\/uploads\/sites\/6\/2025\/12\/messina-line.svg","width":221,"height":46,"caption":"MessinaLine"},"image":{"@id":"https:\/\/messinaline.it\/#\/schema\/logo\/image\/"}}]}},"_links":{"self":[{"href":"https:\/\/messinaline.it\/it\/wp-json\/wp\/v2\/pages\/408","targetHints":{"allow":["GET"]}}],"collection":[{"href":"https:\/\/messinaline.it\/it\/wp-json\/wp\/v2\/pages"}],"about":[{"href":"https:\/\/messinaline.it\/it\/wp-json\/wp\/v2\/types\/page"}],"author":[{"embeddable":true,"href":"https:\/\/messinaline.it\/it\/wp-json\/wp\/v2\/users\/1"}],"replies":[{"embeddable":true,"href":"https:\/\/messinaline.it\/it\/wp-json\/wp\/v2\/comments?post=408"}],"version-history":[{"count":2,"href":"https:\/\/messinaline.it\/it\/wp-json\/wp\/v2\/pages\/408\/revisions"}],"predecessor-version":[{"id":615,"href":"https:\/\/messinaline.it\/it\/wp-json\/wp\/v2\/pages\/408\/revisions\/615"}],"wp:attachment":[{"href":"https:\/\/messinaline.it\/it\/wp-json\/wp\/v2\/media?parent=408"}],"curies":[{"name":"wp","href":"https:\/\/api.w.org\/{rel}","templated":true}]}}